{"id":45,"date":"2016-05-17T11:30:10","date_gmt":"2016-05-17T09:30:10","guid":{"rendered":"http:\/\/wordpress.renzuscars.de\/?page_id=45"},"modified":"2021-01-27T11:07:39","modified_gmt":"2021-01-27T10:07:39","slug":"leistungensportwagen","status":"publish","type":"page","link":"https:\/\/www.reichel-sportwagen.de\/index.php\/sportwagen\/leistungensportwagen\/","title":{"rendered":"Ausstattung"},"content":{"rendered":"\n<ul class=\"wp-block-list\"><li><strong>EB 110 Performance Paket<\/strong><br>F\u00fcr den Renneinsatz ihres EB 110.<br>Der Supersport Radsatz des EB 110 verbessert die Bel\u00fcftung der Bremsen und wird inklusive stra\u00dfentauglicher Rennreifen, Sportbremsbel\u00e4gen und speziellen Bremsleitungen geliefert.<\/li><\/ul>\n\n\n\n<ul class=\"wp-block-list\"><li><strong>Fahrzeug\u00fcberf\u00fchrung Europa- und Weltweit<\/strong><\/li><\/ul>\n\n\n\n<ul class=\"wp-block-list\"><li><strong>Innovationspaket (Navigationssystem mit ipod und R\u00fcckfahrkamera)<\/strong><br>Bringt ihren EB 110 auf den neuesten Stand der Technik. Durch den ausfahrbaren Bildschirm bleibt Ihr Fahrzeug im Originalzustand.<\/li><\/ul>\n\n\n\n<ul class=\"wp-block-list\"><li><strong>Volllederausstattung<br>(Original Bugatti)<\/strong><\/li><\/ul>\n\n\n\n<ul class=\"wp-block-list\"><li><strong>Leistungssteigerung<br><\/strong>Je nach Serienleistung wird die Leistung Ihres EB 110 auf bis zu 750 PS gesteigert.<\/li><\/ul>\n\n\n\n<ul class=\"wp-block-list\"><li><strong>Carbon-Paket<\/strong><br>Sorgt f\u00fcr sportliches Aussehen im Innenraum Ihres EB 110 (serienm\u00e4\u00dfig im Supersport)<\/li><\/ul>\n\n\n\n<ul class=\"wp-block-list\"><li><strong>SS Sitzanlage<\/strong><br>Sorgt f\u00fcr perfekten Sitzkomfort und Seitenhalt bei Sporteins\u00e4tze mit Ihrem EB 110 (serienm\u00e4\u00dfig im Supersport)<\/li><\/ul>\n\n\n\n<ul class=\"wp-block-list\"><li><strong>Sport Auspuffanlage<\/strong><br>Die ANSA Serienauspuffanlage wird von uns modifiziert und erh\u00e4lt eine Mehrleistung von circa 30 PS (ca. 140 db). Nur f\u00fcr Export erh\u00e4ltlich.<\/li><\/ul>\n\n\n\n<ul class=\"wp-block-list\"><li><strong>Gro\u00dfe Bremsanlage<br><\/strong>F\u00fcr perfekte Verz\u00f6gerung mit einer Bremsleistung bis zu 2000 PS<\/li><\/ul>\n\n\n\n<ul class=\"wp-block-list\"><li><strong>Fahrzeugbewertung<\/strong><\/li><\/ul>\n\n\n\n<ul class=\"wp-block-list\"><li><strong>Weltweites Servicepaket<\/strong><br>Sie haben die M\u00f6glichkeit 24 Std. am Tag, 365 Tage im Jahr, technische Fragen zu Ihrem EB 110 an uns zu richten. Bei technischen Problemen kommen wir auf Wunsch zu Ihnen und unterst\u00fctzen Sie.<\/li><\/ul>\n\n\n\n<ul class=\"wp-block-list\"><li><strong>Car-cover<\/strong><br>Sch\u00fctzt Ihr Fahrzeug vor Staub und Witterung aus hochwertigem Material und Innenfutter. Farbe nach Wahl.<\/li><\/ul>\n\n\n\n<ul class=\"wp-block-list\"><li><strong>Fahrzeugeinlagerung<\/strong><\/li><\/ul>\n\n\n\n<figure class=\"wp-block-gallery columns-3 is-cropped wp-block-gallery-1 is-layout-flex wp-block-gallery-is-layout-flex\"><ul class=\"blocks-gallery-grid\"><li class=\"blocks-gallery-item\"><figure><img loading=\"lazy\" decoding=\"async\" width=\"300\" height=\"311\" src=\"https:\/\/www.reichel-classics.de\/wp-content\/uploads\/2021\/01\/Leistung01-2.jpg\" alt=\"\" data-id=\"463\" data-full-url=\"https:\/\/www.reichel-classics.de\/wp-content\/uploads\/2021\/01\/Leistung01-2.jpg\" data-link=\"https:\/\/www.reichel-classics.de\/index.php\/sportwagen\/leistungensportwagen\/leistung01-3\/\" class=\"wp-image-463\" srcset=\"https:\/\/www.reichel-sportwagen.de\/wp-content\/uploads\/2021\/01\/Leistung01-2.jpg 300w, https:\/\/www.reichel-sportwagen.de\/wp-content\/uploads\/2021\/01\/Leistung01-2-289x300.jpg 289w, https:\/\/www.reichel-sportwagen.de\/wp-content\/uploads\/2021\/01\/Leistung01-2-145x150.jpg 145w\" sizes=\"auto, (max-width: 300px) 100vw, 300px\" \/><\/figure><\/li><li class=\"blocks-gallery-item\"><figure><img loading=\"lazy\" decoding=\"async\" width=\"300\" height=\"311\" src=\"https:\/\/www.reichel-classics.de\/wp-content\/uploads\/2021\/01\/Leistung02-1.jpg\" alt=\"\" data-id=\"464\" data-full-url=\"https:\/\/www.reichel-classics.de\/wp-content\/uploads\/2021\/01\/Leistung02-1.jpg\" data-link=\"https:\/\/www.reichel-classics.de\/index.php\/sportwagen\/leistungensportwagen\/leistung02-2\/\" class=\"wp-image-464\" srcset=\"https:\/\/www.reichel-sportwagen.de\/wp-content\/uploads\/2021\/01\/Leistung02-1.jpg 300w, https:\/\/www.reichel-sportwagen.de\/wp-content\/uploads\/2021\/01\/Leistung02-1-289x300.jpg 289w, https:\/\/www.reichel-sportwagen.de\/wp-content\/uploads\/2021\/01\/Leistung02-1-145x150.jpg 145w\" sizes=\"auto, (max-width: 300px) 100vw, 300px\" \/><\/figure><\/li><li class=\"blocks-gallery-item\"><figure><img loading=\"lazy\" decoding=\"async\" width=\"300\" height=\"311\" src=\"https:\/\/www.reichel-classics.de\/wp-content\/uploads\/2021\/01\/Leistung09.jpg\" alt=\"\" data-id=\"465\" data-full-url=\"https:\/\/www.reichel-classics.de\/wp-content\/uploads\/2021\/01\/Leistung09.jpg\" data-link=\"https:\/\/www.reichel-classics.de\/index.php\/sportwagen\/leistungensportwagen\/leistung09\/\" class=\"wp-image-465\" srcset=\"https:\/\/www.reichel-sportwagen.de\/wp-content\/uploads\/2021\/01\/Leistung09.jpg 300w, https:\/\/www.reichel-sportwagen.de\/wp-content\/uploads\/2021\/01\/Leistung09-289x300.jpg 289w, https:\/\/www.reichel-sportwagen.de\/wp-content\/uploads\/2021\/01\/Leistung09-145x150.jpg 145w\" sizes=\"auto, (max-width: 300px) 100vw, 300px\" \/><\/figure><\/li><\/ul><\/figure>\n","protected":false},"excerpt":{"rendered":"<p>EB 110 Performance PaketF\u00fcr den Renneinsatz ihres EB 110.Der Supersport Radsatz des EB 110 verbessert die Bel\u00fcftung der Bremsen und wird inklusive stra\u00dfentauglicher Rennreifen, Sportbremsbel\u00e4gen und speziellen Bremsleitungen geliefert. Fahrzeug\u00fcberf\u00fchrung Europa- und Weltweit Innovationspaket (Navigationssystem mit ipod und R\u00fcckfahrkamera)Bringt ihren EB 110 auf den neuesten Stand der Technik. Durch den\u2026<\/p>\n<p> <a class=\"continue-reading-link\" href=\"https:\/\/www.reichel-sportwagen.de\/index.php\/sportwagen\/leistungensportwagen\/\"><span>Continue reading<\/span><i class=\"crycon-right-dir\"><\/i><\/a> <\/p>\n","protected":false},"author":1,"featured_media":0,"parent":10,"menu_order":0,"comment_status":"closed","ping_status":"closed","template":"","meta":{"footnotes":""},"class_list":["post-45","page","type-page","status-publish","hentry"],"_links":{"self":[{"href":"https:\/\/www.reichel-sportwagen.de\/index.php\/wp-json\/wp\/v2\/pages\/45","targetHints":{"allow":["GET"]}}],"collection":[{"href":"https:\/\/www.reichel-sportwagen.de\/index.php\/wp-json\/wp\/v2\/pages"}],"about":[{"href":"https:\/\/www.reichel-sportwagen.de\/index.php\/wp-json\/wp\/v2\/types\/page"}],"author":[{"embeddable":true,"href":"https:\/\/www.reichel-sportwagen.de\/index.php\/wp-json\/wp\/v2\/users\/1"}],"replies":[{"embeddable":true,"href":"https:\/\/www.reichel-sportwagen.de\/index.php\/wp-json\/wp\/v2\/comments?post=45"}],"version-history":[{"count":15,"href":"https:\/\/www.reichel-sportwagen.de\/index.php\/wp-json\/wp\/v2\/pages\/45\/revisions"}],"predecessor-version":[{"id":496,"href":"https:\/\/www.reichel-sportwagen.de\/index.php\/wp-json\/wp\/v2\/pages\/45\/revisions\/496"}],"up":[{"embeddable":true,"href":"https:\/\/www.reichel-sportwagen.de\/index.php\/wp-json\/wp\/v2\/pages\/10"}],"wp:attachment":[{"href":"https:\/\/www.reichel-sportwagen.de\/index.php\/wp-json\/wp\/v2\/media?parent=45"}],"curies":[{"name":"wp","href":"https:\/\/api.w.org\/{rel}","templated":true}]}}